{"id":2282,"date":"2022-08-14T17:40:54","date_gmt":"2022-08-14T17:40:54","guid":{"rendered":"https:\/\/tempsite.harmooniakeskus.ee\/?post_type=product&#038;p=2282"},"modified":"2025-12-17T00:04:09","modified_gmt":"2025-12-17T00:04:09","slug":"%d1%81%d1%82%d1%80%d0%b0%d1%85%d0%b8-%d0%b8-%d1%82%d1%80%d0%b5%d0%b2%d0%be%d0%b6%d0%bd%d1%8b%d0%b5-%d1%81%d0%be%d1%81%d1%82%d0%be%d1%8f%d0%bd%d0%b8%d1%8f-%d1%83-%d0%b4%d0%b5%d1%82%d0%b5%d0%b9-%d0%ba","status":"publish","type":"product","link":"https:\/\/harmooniakeskus.ee\/et\/shop\/%d1%81%d1%82%d1%80%d0%b0%d1%85%d0%b8-%d0%b8-%d1%82%d1%80%d0%b5%d0%b2%d0%be%d0%b6%d0%bd%d1%8b%d0%b5-%d1%81%d0%be%d1%81%d1%82%d0%be%d1%8f%d0%bd%d0%b8%d1%8f-%d1%83-%d0%b4%d0%b5%d1%82%d0%b5%d0%b9-%d0%ba\/","title":{"rendered":"Laste hirmud ja \u00e4revus. Kuidas last aidata?"},"content":{"rendered":"<div class=\"woocommerce-product-details__short-description\">\n<h4><strong>Mis veebiseminaril toimub? Mida sa \u00f5pid?<\/strong><\/h4>\n<ul>\n<li><span class=\"JsGRdQ\">R\u00e4\u00e4gime hirmudest ja \u00e4revusest<\/span><\/li>\n<li>Mis vahe on hirmul ja \u00e4revusel?<\/li>\n<li>Hirmude t\u00fc\u00fcpide m\u00f5istmine<\/li>\n<li><span class=\"JsGRdQ\">Millised on laste ja noorukite \u00e4revusseisundid?<\/span><\/li>\n<li><span class=\"JsGRdQ\">Lapse hirmude ja \u00e4revuse ilmnemise p\u00f5hjused<\/span><\/li>\n<li><span class=\"JsGRdQ\">R\u00e4\u00e4gime ps\u00fchhosomaatikast<\/span><\/li>\n<li><span class=\"JsGRdQ\">Naiste harjutused lastele ja emadele<\/span><\/li>\n<\/ul>\n<h3>Boonus:<\/h3>\n<p>Praktilised harjutused.<\/p>\n<\/div>","protected":false},"excerpt":{"rendered":"<h3>\u0417\u0430\u043f\u0438\u0441\u044c \u0432\u0435\u0431\u0438\u043d\u0430\u0440\u0430 (2 \u0447\u0430\u0441\u0430)<\/h3>\n<h3><strong>\u00a0<\/strong><\/h3>","protected":false},"featured_media":2283,"template":"","meta":[],"product_brand":[],"product_cat":[23],"product_tag":[],"class_list":{"0":"post-2282","1":"product","2":"type-product","3":"status-publish","4":"has-post-thumbnail","6":"product_cat-uncategorized","8":"first","9":"instock","10":"downloadable","11":"virtual","12":"purchasable","13":"product-type-simple"},"_links":{"self":[{"href":"https:\/\/harmooniakeskus.ee\/et\/wp-json\/wp\/v2\/product\/2282","targetHints":{"allow":["GET"]}}],"collection":[{"href":"https:\/\/harmooniakeskus.ee\/et\/wp-json\/wp\/v2\/product"}],"about":[{"href":"https:\/\/harmooniakeskus.ee\/et\/wp-json\/wp\/v2\/types\/product"}],"wp:featuredmedia":[{"embeddable":true,"href":"https:\/\/harmooniakeskus.ee\/et\/wp-json\/wp\/v2\/media\/2283"}],"wp:attachment":[{"href":"https:\/\/harmooniakeskus.ee\/et\/wp-json\/wp\/v2\/media?parent=2282"}],"wp:term":[{"taxonomy":"product_brand","embeddable":true,"href":"https:\/\/harmooniakeskus.ee\/et\/wp-json\/wp\/v2\/product_brand?post=2282"},{"taxonomy":"product_cat","embeddable":true,"href":"https:\/\/harmooniakeskus.ee\/et\/wp-json\/wp\/v2\/product_cat?post=2282"},{"taxonomy":"product_tag","embeddable":true,"href":"https:\/\/harmooniakeskus.ee\/et\/wp-json\/wp\/v2\/product_tag?post=2282"}],"curies":[{"name":"wp","href":"https:\/\/api.w.org\/{rel}","templated":true}]}}