{"id":2280,"date":"2022-08-14T17:39:45","date_gmt":"2022-08-14T17:39:45","guid":{"rendered":"https:\/\/tempsite.harmooniakeskus.ee\/?post_type=product&#038;p=2280"},"modified":"2025-12-17T00:04:09","modified_gmt":"2025-12-17T00:04:09","slug":"%d0%bf%d1%81%d0%b8%d1%85%d0%be%d1%81%d0%be%d0%bc%d0%b0%d1%82%d0%b8%d0%ba%d0%b0-%d0%b4%d0%b5%d1%82%d1%81%d0%ba%d0%b8%d1%85-%d0%b1%d0%be%d0%bb%d0%b5%d0%b7%d0%bd%d0%b5%d0%b9-%d0%ba%d0%b0%d0%ba-%d0%bf","status":"publish","type":"product","link":"https:\/\/harmooniakeskus.ee\/et\/shop\/%d0%bf%d1%81%d0%b8%d1%85%d0%be%d1%81%d0%be%d0%bc%d0%b0%d1%82%d0%b8%d0%ba%d0%b0-%d0%b4%d0%b5%d1%82%d1%81%d0%ba%d0%b8%d1%85-%d0%b1%d0%be%d0%bb%d0%b5%d0%b7%d0%bd%d0%b5%d0%b9-%d0%ba%d0%b0%d0%ba-%d0%bf\/","title":{"rendered":"Lastehaiguste ps\u00fchhosomaatika. Kuidas last aidata?"},"content":{"rendered":"<div class=\"woocommerce-product-details__short-description\">\n<h4><strong>Mis veebiseminaril toimub? Mida sa \u00f5pid?<\/strong><\/h4>\n<ul>\n<li>Mis on laste ps\u00fchhosomaatika?<\/li>\n<li>Mis on haiguse teisene kasu?<\/li>\n<li>Kuidas &quot;\u00f5igesti&quot; haigestuda, kui laps on haige?<\/li>\n<li>Miks ja miks lapsed haigestuvad?<\/li>\n<li>Somaatiliste haiguste p\u00f5hjused?<\/li>\n<li>Lastehaiguste ennetamine.<\/li>\n<li>Ps\u00fchhoteraapia \u00fclesanded ps\u00fchhosomaatikas.<\/li>\n<li>Mis on iga haiguse taga (arvestage tavalisi haigusi).<\/li>\n<\/ul>\n<h3>Boonus:<\/h3>\n<p>Praktilised harjutused, mis aitavad teie lastel olla terved.<\/p>\n<\/div>","protected":false},"excerpt":{"rendered":"<h3>\u0417\u0430\u043f\u0438\u0441\u044c \u0432\u0435\u0431\u0438\u043d\u0430\u0440\u0430 (2 \u0447\u0430\u0441\u0430)<\/h3>\n<h3><strong>\u00a0<\/strong><\/h3>","protected":false},"featured_media":2281,"template":"","meta":[],"product_brand":[],"product_cat":[23],"product_tag":[],"class_list":{"0":"post-2280","1":"product","2":"type-product","3":"status-publish","4":"has-post-thumbnail","6":"product_cat-uncategorized","8":"first","9":"instock","10":"downloadable","11":"virtual","12":"purchasable","13":"product-type-simple"},"_links":{"self":[{"href":"https:\/\/harmooniakeskus.ee\/et\/wp-json\/wp\/v2\/product\/2280","targetHints":{"allow":["GET"]}}],"collection":[{"href":"https:\/\/harmooniakeskus.ee\/et\/wp-json\/wp\/v2\/product"}],"about":[{"href":"https:\/\/harmooniakeskus.ee\/et\/wp-json\/wp\/v2\/types\/product"}],"wp:featuredmedia":[{"embeddable":true,"href":"https:\/\/harmooniakeskus.ee\/et\/wp-json\/wp\/v2\/media\/2281"}],"wp:attachment":[{"href":"https:\/\/harmooniakeskus.ee\/et\/wp-json\/wp\/v2\/media?parent=2280"}],"wp:term":[{"taxonomy":"product_brand","embeddable":true,"href":"https:\/\/harmooniakeskus.ee\/et\/wp-json\/wp\/v2\/product_brand?post=2280"},{"taxonomy":"product_cat","embeddable":true,"href":"https:\/\/harmooniakeskus.ee\/et\/wp-json\/wp\/v2\/product_cat?post=2280"},{"taxonomy":"product_tag","embeddable":true,"href":"https:\/\/harmooniakeskus.ee\/et\/wp-json\/wp\/v2\/product_tag?post=2280"}],"curies":[{"name":"wp","href":"https:\/\/api.w.org\/{rel}","templated":true}]}}