{"id":2277,"date":"2022-08-14T17:36:49","date_gmt":"2022-08-14T17:36:49","guid":{"rendered":"https:\/\/tempsite.harmooniakeskus.ee\/?post_type=product&#038;p=2277"},"modified":"2025-12-17T00:04:09","modified_gmt":"2025-12-17T00:04:09","slug":"%d0%bf%d0%be%d0%b4%d1%80%d0%be%d1%81%d1%82%d0%be%d0%ba-%d1%80%d0%be%d0%b4%d0%b8%d1%82%d0%b5%d0%bb%d0%b8-%d0%ba%d0%be%d0%bd%d1%82%d0%b0%d0%ba%d1%82","status":"publish","type":"product","link":"https:\/\/harmooniakeskus.ee\/et\/shop\/%d0%bf%d0%be%d0%b4%d1%80%d0%be%d1%81%d1%82%d0%be%d0%ba-%d1%80%d0%be%d0%b4%d0%b8%d1%82%d0%b5%d0%bb%d0%b8-%d0%ba%d0%be%d0%bd%d1%82%d0%b0%d0%ba%d1%82\/","title":{"rendered":"Teismeline. Vanemad. V\u00f5tke \u00fchendust."},"content":{"rendered":"<div class=\"woocommerce-product-details__short-description\">\n<p>2 tunniga saad teadmisi, mis muudavad sinu suhet lapsega ja aitavad sul harmooniliselt enda k\u00f5rval kasvada.<\/p>\n<h4><strong>Mis veebiseminaril toimub?<\/strong><\/h4>\n<ul>\n<li>\u00d5ppige tundma noorukiea p\u00f5hijooni.<\/li>\n<li>Agressioon, mida sellega peale hakata?<\/li>\n<li>Kuidas teismelisega suhelda.<\/li>\n<li>Kool, kaug\u00f5pe \u2013 kuidas last aidata.<\/li>\n<li>Ps\u00fchhosomaatika noorukitel (paanikahood, peavalud, \u00e4revus).<\/li>\n<li>Vanemlikud tunded: takistavad v\u00f5i aitavad kasvada?<\/li>\n<li>Enesevigastamise p\u00f5hjused.<\/li>\n<li>Millest lapsed r\u00e4\u00e4givad. V\u00f5i t\u00e4iskasvanute maailm teismelise pilgu l\u00e4bi.<\/li>\n<li>seksuaalne s\u00e4ttumus.<\/li>\n<\/ul>\n<\/div>","protected":false},"excerpt":{"rendered":"<h3><strong>Veebiseminar 9-17-aastaste laste vanematele.<\/strong><\/h3>\n<h3><strong>\u00a0<\/strong><\/h3>","protected":false},"featured_media":2278,"template":"","meta":[],"product_brand":[],"product_cat":[23],"product_tag":[],"class_list":{"0":"post-2277","1":"product","2":"type-product","3":"status-publish","4":"has-post-thumbnail","6":"product_cat-uncategorized","8":"first","9":"instock","10":"downloadable","11":"virtual","12":"purchasable","13":"product-type-simple"},"_links":{"self":[{"href":"https:\/\/harmooniakeskus.ee\/et\/wp-json\/wp\/v2\/product\/2277","targetHints":{"allow":["GET"]}}],"collection":[{"href":"https:\/\/harmooniakeskus.ee\/et\/wp-json\/wp\/v2\/product"}],"about":[{"href":"https:\/\/harmooniakeskus.ee\/et\/wp-json\/wp\/v2\/types\/product"}],"wp:featuredmedia":[{"embeddable":true,"href":"https:\/\/harmooniakeskus.ee\/et\/wp-json\/wp\/v2\/media\/2278"}],"wp:attachment":[{"href":"https:\/\/harmooniakeskus.ee\/et\/wp-json\/wp\/v2\/media?parent=2277"}],"wp:term":[{"taxonomy":"product_brand","embeddable":true,"href":"https:\/\/harmooniakeskus.ee\/et\/wp-json\/wp\/v2\/product_brand?post=2277"},{"taxonomy":"product_cat","embeddable":true,"href":"https:\/\/harmooniakeskus.ee\/et\/wp-json\/wp\/v2\/product_cat?post=2277"},{"taxonomy":"product_tag","embeddable":true,"href":"https:\/\/harmooniakeskus.ee\/et\/wp-json\/wp\/v2\/product_tag?post=2277"}],"curies":[{"name":"wp","href":"https:\/\/api.w.org\/{rel}","templated":true}]}}