{"id":2273,"date":"2022-08-14T17:23:30","date_gmt":"2022-08-14T17:23:30","guid":{"rendered":"https:\/\/tempsite.harmooniakeskus.ee\/?post_type=product&#038;p=2273"},"modified":"2025-12-17T00:04:09","modified_gmt":"2025-12-17T00:04:09","slug":"%d0%ba%d0%bd%d0%b8%d0%b3%d0%b0-%d0%b4%d0%bb%d1%8f-%d1%80%d0%be%d0%b4%d0%b8%d1%82%d0%b5%d0%bb%d0%b5%d0%b9-%d0%b3%d0%b0%d1%80%d0%bc%d0%be%d0%bd%d0%b8%d1%8f-%d0%b2-%d1%81%d0%b5%d0%bc%d1%8c%d0%b5","status":"publish","type":"product","link":"https:\/\/harmooniakeskus.ee\/et\/shop\/%d0%ba%d0%bd%d0%b8%d0%b3%d0%b0-%d0%b4%d0%bb%d1%8f-%d1%80%d0%be%d0%b4%d0%b8%d1%82%d0%b5%d0%bb%d0%b5%d0%b9-%d0%b3%d0%b0%d1%80%d0%bc%d0%be%d0%bd%d0%b8%d1%8f-%d0%b2-%d1%81%d0%b5%d0%bc%d1%8c%d0%b5\/","title":{"rendered":"Raamat vanematele &quot;Harmoonia perekonnas ehk vanemad lastest&quot;"},"content":{"rendered":"<div class=\"woocommerce-product-details__short-description\">\n<div class=\"text_exposed_show\">\n<p><strong>7 p\u00f5hjust, miks lugeda minu raamatut &quot;Harmoonia perekonnas ehk vanemad lastest&quot;.<\/strong><\/p>\n<ol>\n<li>Lihtsas keeles kirjutatud. Vanem, kellel ps\u00fchholoogiast aimugi pole, saab k\u00f5igest aru ja oskab seda lapsega suhtlemisel rakendada.<\/li>\n<li>Olen \u00fcleliigsete s\u00f5nade ja vee vastu. Minu raamatus pole vett ja \u00fcleliigset. L\u00fchidalt peamisest.<\/li>\n<li>N\u00e4iteid elust on palju ja t\u00f6\u00f6soovitusi.<\/li>\n<li>Raamat koosneb kahest peat\u00fckist: vanemad ja lapsed. Juhendas vanemaid palju kasvatusstiilide kohta. Laste pea on maailm l\u00e4bi lapse silmade.<\/li>\n<li>Raamat puudutab olulisemaid teemasid: teadlikkus, vanemlikud stiilid ja tagaj\u00e4rjed lastele, karistus, kool, vanuselised kriisid jne.<\/li>\n<li>Raamat pole paks, ei v\u00f5ta palju aega, kuid rikkalik.<\/li>\n<li>Raamatus toodud soovitused ja elun\u00e4ited aitavad m\u00f5ista, kuidas suhteid oma lapsega parandada ja neid harmoonilisemaks muuta.<\/li>\n<\/ol>\n<p>&nbsp;<\/p>\n<p>\u201cSee raamat ei ole juhend ega \u00f5peta, kuidas seda teha. See on lugu minu kogemusest lastega t\u00f6\u00f6tamisel erinevates lasteasutustes. Mul on hea meel, kui see on teile kasulik. Ja ma loodan, et ehk teeb see kedagi \u00f5nnelikumaks.<\/p>\n<p>Mulle v\u00e4ga meeldib v\u00e4ljend: &quot;P\u00e4rast vihma on alati p\u00e4ikest.&quot; Pole t\u00e4htis, kui raske teil, vanematel, on, minge edasi, kohtuge lastega ja kuulake oma intuitsiooni. J\u00e4\u00e4ge truuks tingimusteta armastusele oma lapse vastu ja suhe temaga t\u00e4idab teie s\u00fcdame \u00f5nnega. Ma usun sinusse!&quot; N. Beljajeva<\/p>\n<\/div>\n<p>&nbsp;<\/p>\n<\/div>","protected":false},"excerpt":{"rendered":"<h3><strong><b>8<\/b>\u00a0euro - elektrooniline versioon<\/strong><\/h3>","protected":false},"featured_media":2274,"template":"","meta":[],"product_brand":[],"product_cat":[23],"product_tag":[],"class_list":{"0":"post-2273","1":"product","2":"type-product","3":"status-publish","4":"has-post-thumbnail","6":"product_cat-uncategorized","8":"first","9":"instock","10":"downloadable","11":"virtual","12":"purchasable","13":"product-type-simple"},"_links":{"self":[{"href":"https:\/\/harmooniakeskus.ee\/et\/wp-json\/wp\/v2\/product\/2273","targetHints":{"allow":["GET"]}}],"collection":[{"href":"https:\/\/harmooniakeskus.ee\/et\/wp-json\/wp\/v2\/product"}],"about":[{"href":"https:\/\/harmooniakeskus.ee\/et\/wp-json\/wp\/v2\/types\/product"}],"wp:featuredmedia":[{"embeddable":true,"href":"https:\/\/harmooniakeskus.ee\/et\/wp-json\/wp\/v2\/media\/2274"}],"wp:attachment":[{"href":"https:\/\/harmooniakeskus.ee\/et\/wp-json\/wp\/v2\/media?parent=2273"}],"wp:term":[{"taxonomy":"product_brand","embeddable":true,"href":"https:\/\/harmooniakeskus.ee\/et\/wp-json\/wp\/v2\/product_brand?post=2273"},{"taxonomy":"product_cat","embeddable":true,"href":"https:\/\/harmooniakeskus.ee\/et\/wp-json\/wp\/v2\/product_cat?post=2273"},{"taxonomy":"product_tag","embeddable":true,"href":"https:\/\/harmooniakeskus.ee\/et\/wp-json\/wp\/v2\/product_tag?post=2273"}],"curies":[{"name":"wp","href":"https:\/\/api.w.org\/{rel}","templated":true}]}}