{"id":2271,"date":"2022-08-14T17:21:37","date_gmt":"2022-08-14T17:21:37","guid":{"rendered":"https:\/\/tempsite.harmooniakeskus.ee\/?post_type=product&#038;p=2271"},"modified":"2025-12-17T00:04:09","modified_gmt":"2025-12-17T00:04:09","slug":"%d0%ba%d0%bd%d0%b8%d0%b3%d0%b0-%d0%be%d0%b1%d1%80%d0%b5%d1%82%d0%b0%d1%8f-%d0%ba%d1%80%d1%8b%d0%bb%d1%8c%d1%8f-%d0%ba%d0%b0%d0%ba-%d0%b1%d1%8b%d1%82%d1%8c-%d0%bd%d0%b5%d0%b8%d0%b4%d0%b5%d0%b0","status":"publish","type":"product","link":"https:\/\/harmooniakeskus.ee\/et\/shop\/%d0%ba%d0%bd%d0%b8%d0%b3%d0%b0-%d0%be%d0%b1%d1%80%d0%b5%d1%82%d0%b0%d1%8f-%d0%ba%d1%80%d1%8b%d0%bb%d1%8c%d1%8f-%d0%ba%d0%b0%d0%ba-%d0%b1%d1%8b%d1%82%d1%8c-%d0%bd%d0%b5%d0%b8%d0%b4%d0%b5%d0%b0\/","title":{"rendered":"Raamat &quot;Tiibade saamine. Kuidas olla ebat\u00e4iuslik, kuid \u00f5nnelik ema?"},"content":{"rendered":"<div class=\"woocommerce-product-details__short-description\">\n<p>See raamat on kirjutatud emadest ja emadele. Selles jagasin oma m\u00f5tteid, kuidas kasvatada lapsi ennast ohverdamata, kuidas luua l\u00e4hedasi suhteid, kaitstes ennast.<\/p>\n<p>Raamatus r\u00e4\u00e4kis ta isikliku loo oma ideaalsuse tagasil\u00fckkamisest.<br \/>\nRaamatut lugedes j\u00e4\u00e4b mulje, et ma r\u00e4\u00e4gin sinuga. See on t\u00f5si! L\u00e4bi harjutuste, isiklike lugude ja n\u00e4idete suunan sind muutuma.<br \/>\nOlen s\u00fcgavalt veendunud, et \u00f5nnelik ema on \u00f5nnelik laps ja tugev perekond.<\/p>\n<\/div>","protected":false},"excerpt":{"rendered":"<h3><strong><b>12<\/b>\u00a0euro - elektrooniline versioon<\/strong><\/h3>","protected":false},"featured_media":2272,"template":"","meta":[],"product_brand":[],"product_cat":[23],"product_tag":[],"class_list":{"0":"post-2271","1":"product","2":"type-product","3":"status-publish","4":"has-post-thumbnail","6":"product_cat-uncategorized","8":"first","9":"instock","10":"downloadable","11":"virtual","12":"purchasable","13":"product-type-simple"},"_links":{"self":[{"href":"https:\/\/harmooniakeskus.ee\/et\/wp-json\/wp\/v2\/product\/2271","targetHints":{"allow":["GET"]}}],"collection":[{"href":"https:\/\/harmooniakeskus.ee\/et\/wp-json\/wp\/v2\/product"}],"about":[{"href":"https:\/\/harmooniakeskus.ee\/et\/wp-json\/wp\/v2\/types\/product"}],"wp:featuredmedia":[{"embeddable":true,"href":"https:\/\/harmooniakeskus.ee\/et\/wp-json\/wp\/v2\/media\/2272"}],"wp:attachment":[{"href":"https:\/\/harmooniakeskus.ee\/et\/wp-json\/wp\/v2\/media?parent=2271"}],"wp:term":[{"taxonomy":"product_brand","embeddable":true,"href":"https:\/\/harmooniakeskus.ee\/et\/wp-json\/wp\/v2\/product_brand?post=2271"},{"taxonomy":"product_cat","embeddable":true,"href":"https:\/\/harmooniakeskus.ee\/et\/wp-json\/wp\/v2\/product_cat?post=2271"},{"taxonomy":"product_tag","embeddable":true,"href":"https:\/\/harmooniakeskus.ee\/et\/wp-json\/wp\/v2\/product_tag?post=2271"}],"curies":[{"name":"wp","href":"https:\/\/api.w.org\/{rel}","templated":true}]}}