{"id":2268,"date":"2022-08-14T17:17:46","date_gmt":"2022-08-14T17:17:46","guid":{"rendered":"https:\/\/tempsite.harmooniakeskus.ee\/?post_type=product&#038;p=2268"},"modified":"2025-12-17T00:04:09","modified_gmt":"2025-12-17T00:04:09","slug":"%d0%ba%d0%b0%d0%ba-%d0%bd%d0%b0%d1%83%d1%87%d0%b8%d1%82%d1%8c-%d1%80%d0%b5%d0%b1%d1%91%d0%bd%d0%ba%d0%b0-%d1%81%d0%bf%d1%80%d0%b0%d0%b2%d0%bb%d1%8f%d1%82%d1%8c%d1%81%d1%8f-%d1%81-%d1%8d%d0%bc%d0%be","status":"publish","type":"product","link":"https:\/\/harmooniakeskus.ee\/et\/shop\/%d0%ba%d0%b0%d0%ba-%d0%bd%d0%b0%d1%83%d1%87%d0%b8%d1%82%d1%8c-%d1%80%d0%b5%d0%b1%d1%91%d0%bd%d0%ba%d0%b0-%d1%81%d0%bf%d1%80%d0%b0%d0%b2%d0%bb%d1%8f%d1%82%d1%8c%d1%81%d1%8f-%d1%81-%d1%8d%d0%bc%d0%be\/","title":{"rendered":"Kuidas \u00f5petada last emotsioonidega toime tulema"},"content":{"rendered":"<p>Paljudel vanematel on raske end karjumisest tagasi hoida, kui laps nutab v\u00f5i karjub ega suuda maha rahuneda.<br \/>\nLapses tundeid taluma \u00f5ppimine on \u00f5nneliku lapsep\u00f5lve ja emaduse oluline komponent, mis toob t\u00f5elist r\u00f5\u00f5mu.<br \/>\nKui te ei tea, mida lapse emotsionaalse reaktsiooni ajal teha, \u00f5petate teda seda seisundit kogema.<\/p>\n<p>Muide, kas tead, et eba\u00f6koloogiline emotsioonide elamine on laste paljude haiguste (ps\u00fchhosomaatika) p\u00f5hjuseks?<br \/>\nToon n\u00e4ite: enurees, ps\u00fchholoogiline k\u00f5hukinnisus, vokaalsed tikid, k\u00fc\u00fcnte n\u00e4rimine, obsessiivsed hirmud, oksendamine, peavalud, oksendamine, allergiad ja palju muud.<br \/>\nJa 80% juhtudel on soovimatu k\u00e4itumise taga m\u00f5ni rahuldamata vajadus.<\/p>","protected":false},"excerpt":{"rendered":"<h3><strong>Veebiseminar<\/strong><\/h3>\n<h3><strong>\u00a0<\/strong><\/h3>","protected":false},"featured_media":2269,"template":"","meta":[],"product_brand":[],"product_cat":[23],"product_tag":[],"class_list":{"0":"post-2268","1":"product","2":"type-product","3":"status-publish","4":"has-post-thumbnail","6":"product_cat-uncategorized","8":"first","9":"instock","10":"downloadable","11":"virtual","12":"purchasable","13":"product-type-simple"},"_links":{"self":[{"href":"https:\/\/harmooniakeskus.ee\/et\/wp-json\/wp\/v2\/product\/2268","targetHints":{"allow":["GET"]}}],"collection":[{"href":"https:\/\/harmooniakeskus.ee\/et\/wp-json\/wp\/v2\/product"}],"about":[{"href":"https:\/\/harmooniakeskus.ee\/et\/wp-json\/wp\/v2\/types\/product"}],"wp:featuredmedia":[{"embeddable":true,"href":"https:\/\/harmooniakeskus.ee\/et\/wp-json\/wp\/v2\/media\/2269"}],"wp:attachment":[{"href":"https:\/\/harmooniakeskus.ee\/et\/wp-json\/wp\/v2\/media?parent=2268"}],"wp:term":[{"taxonomy":"product_brand","embeddable":true,"href":"https:\/\/harmooniakeskus.ee\/et\/wp-json\/wp\/v2\/product_brand?post=2268"},{"taxonomy":"product_cat","embeddable":true,"href":"https:\/\/harmooniakeskus.ee\/et\/wp-json\/wp\/v2\/product_cat?post=2268"},{"taxonomy":"product_tag","embeddable":true,"href":"https:\/\/harmooniakeskus.ee\/et\/wp-json\/wp\/v2\/product_tag?post=2268"}],"curies":[{"name":"wp","href":"https:\/\/api.w.org\/{rel}","templated":true}]}}