{"id":2071,"date":"2021-03-06T13:45:21","date_gmt":"2021-03-06T13:45:21","guid":{"rendered":"https:\/\/parkofideas.com\/antek\/demo1\/?page_id=3"},"modified":"2023-02-20T10:53:18","modified_gmt":"2023-02-20T10:53:18","slug":"privacy-policy","status":"publish","type":"page","link":"https:\/\/harmooniakeskus.ee\/et\/privacy-policy\/","title":{"rendered":"Isikuandmete t\u00f6\u00f6tlemine"},"content":{"rendered":"<div data-elementor-type=\"wp-page\" data-elementor-id=\"2071\" class=\"elementor elementor-2071\">\n\t\t\t\t\t\t<section class=\"elementor-section elementor-top-section elementor-element elementor-element-2c1c3d25 elementor-section-boxed elementor-section-height-default elementor-section-height-default\" data-id=\"2c1c3d25\" data-element_type=\"section\">\n\t\t\t\t\t\t<div class=\"elementor-container elementor-column-gap-default\">\n\t\t\t\t\t<div class=\"elementor-column elementor-col-100 elementor-top-column elementor-element elementor-element-5832c9b3\" data-id=\"5832c9b3\" data-element_type=\"column\">\n\t\t\t<div class=\"elementor-widget-wrap elementor-element-populated\">\n\t\t\t\t\t\t<div class=\"elementor-element elementor-element-2d0894ec elementor-widget elementor-widget-text-editor\" data-id=\"2d0894ec\" data-element_type=\"widget\" data-widget_type=\"text-editor.default\">\n\t\t\t\t<div class=\"elementor-widget-container\">\n\t\t\t<style>\/*! elementor - v3.21.0 - 08-05-2024 *\/\n.elementor-widget-text-editor.elementor-drop-cap-view-stacked .elementor-drop-cap{background-color:#69727d;color:#fff}.elementor-widget-text-editor.elementor-drop-cap-view-framed .elementor-drop-cap{color:#69727d;border:3px solid;background-color:transparent}.elementor-widget-text-editor:not(.elementor-drop-cap-view-default) .elementor-drop-cap{margin-top:8px}.elementor-widget-text-editor:not(.elementor-drop-cap-view-default) .elementor-drop-cap-letter{width:1em;height:1em}.elementor-widget-text-editor .elementor-drop-cap{float:left;text-align:center;line-height:1;font-size:50px}.elementor-widget-text-editor .elementor-drop-cap-letter{display:inline-block}<\/style>\t\t\t\t<p><strong>Ps\u00fchholoogiline keskus Harmoonia O\u00dc <\/strong> edastab maksete tegemiseks vajalikud isikuandmed volitatud makseasutusele <a href=\"https:\/\/maksekeskus.ee\/\" target=\"_blank\" rel=\"noopener\">Maksekeskus AS<\/a><\/p><p><strong>Milliseid isikuandmeid t\u00f6\u00f6deldakse<\/strong><\/p><ul><li>Nimi<\/li><li>Telefoninumber<\/li><li>E-posti aadress<\/li><li>pangakonto number<\/li><li>Kauba maksumus ja<\/li><li>teenused ja maksete \u00fcksikasjad (ostuajalugu)<\/li><li>Tugiteenuste andmed.<\/li><\/ul><p><strong>Mis eesm\u00e4rgil isikuandmeid t\u00f6\u00f6deldakse<\/strong><\/p><p>Isikuandmeid kasutatakse klientide tellimuste haldamiseks ja kaupade kohaletoimetamiseks.<\/p><p>Ostuajaloo andmeid (ostukuup\u00e4ev, kaup, kogus, kliendiandmed) kasutatakse \u00fclevaate koostamiseks ostetud kaupadest ja teenustest, samuti klientide eelistuste anal\u00fc\u00fcsimiseks.<\/p><p>Pangakonto numbrit kasutatakse kliendile raha tagastamiseks.<\/p><p>Isikuandmeid nagu e-posti aadress, telefoninumber, kliendi nimi t\u00f6\u00f6deldakse kaupade ja teenustega seotud probleemide lahendamiseks (klienditugi).<\/p><p>Veebipoe kasutaja IP-aadressi v\u00f5i muid veebip\u00f5hiseid identifikaatoreid t\u00f6\u00f6deldakse e-poe teenuse osutamiseks info\u00fchiskonna osana, samuti Interneti kasutamise statistika pidamiseks.<\/p><p><strong>\u00d5iguslik alus<\/strong><\/p><p>Isikuandmete t\u00f6\u00f6tlemine toimub kliendiga s\u00f5lmitud lepingu t\u00e4itmiseks.<\/p><p>Isikuandmete t\u00f6\u00f6tlemine toimub seadusest tuleneva kohustuse t\u00e4itmiseks (n\u00e4iteks raamatupidamine ja tarbijavaidluste lahendamine).<\/p><p><strong>Saajad, kellele isikuandmeid edastatakse<\/strong><\/p><p>Isikuandmeid edastatakse veebipoe klienditoele ostude ja ostuajaloo haldamiseks ning kliendiprobleemide lahendamiseks.<\/p><p>Nimi, telefoninumber ja e-posti aadress edastatakse kliendi poolt valitud transporditeenuse osutajale. Kui r\u00e4\u00e4gime kulleriga tarnitavast tootest, siis edastatakse lisaks kontaktandmetele ka kliendi aadress.<\/p><p>Kui veebipoe raamatupidamist peab vastava teenuse osutaja, siis edastatakse isikuandmed vastava teenuse osutajale raamatupidamistoimingute tegemiseks.<\/p><p>Isikuandmeid v\u00f5idakse edastada infotehnoloogiateenuste osutajatele, kui see on vajalik veebipoe v\u00f5i andmete s\u00e4ilitamise funktsionaalsuse tagamiseks.<\/p><p><strong>Turvalisus ja juurdep\u00e4\u00e4s andmetele<\/strong><\/p><p>Isikuandmeid hoitakse serverites <strong>Ps\u00fchholoogiline keskus Harmoonia O\u00dc<\/strong>, mis asuvad Euroopa Liidu liikmesriigi v\u00f5i Euroopa Majanduspiirkonnaga \u00fchinenud riikide territooriumil.<\/p><p>Andmeid v\u00f5ib edastada nendesse riikidesse, kus andmekaitse tase, mille Euroopa Komisjon on hinnanud piisavaks, samuti USA ettev\u00f5tetele, kes on \u00fchinenud \u00fcldise m\u00f5istega &quot;andmekaitsekilp&quot; (Privacy Shield).<\/p><p>Juurdep\u00e4\u00e4s isikuandmetele on veebipoe t\u00f6\u00f6tajatel, kellel on juurdep\u00e4\u00e4s isikuandmetele veebipoe kasutamisega seotud tehniliste probleemide lahendamiseks ja klienditoe teenuste osutamiseks.<\/p><p>Veebipood rakendab asjakohaseid f\u00fc\u00fcsilisi, organisatsioonilisi ja infotehnoloogilisi turvameetmeid, et kaitsta isikuandmeid juhusliku v\u00f5i ebaseadusliku h\u00e4vimise, kaotsimineku, muutmise v\u00f5i volitamata juurdep\u00e4\u00e4su ja avalikustamise eest.<\/p><p>Isikuandmete edastamine veebipoe volitatud t\u00f6\u00f6tlejatele (n\u00e4iteks transporditeenuse ja andmehoidla pakkujale) toimub veebipoe ja volitatud t\u00f6\u00f6tlejatega s\u00f5lmitud lepingute alusel.<\/p><p>Isikuandmete t\u00f6\u00f6tlemisel peavad volitatud t\u00f6\u00f6tlejad tagama asjakohased kaitsemeetmed.<\/p><p><strong>Isikuandmetega tutvumine ja nende parandamine<\/strong><\/p><p>Isikuandmeid saab vaadata ja parandada veebipoe kasutajaprofiilis.<\/p><p>Kui ost sooritatakse ilma kasutajakontot loomata, p\u00e4\u00e4seb isikuandmetele ligi klienditoe poole p\u00f6\u00f6rdudes.<\/p><p><strong>N\u00f5usoleku tagasiv\u00f5tmine<\/strong><\/p><p>Kui isikuandmete t\u00f6\u00f6tlemine toimub kliendi n\u00f5usoleku alusel, siis on kliendil \u00f5igus n\u00f5usolek tagasi v\u00f5tta, teavitades sellest klienditoe teenust e-posti teel.<\/p><p><strong>S\u00e4ilitamine<\/strong><\/p><p>Veebipoes kliendikonto sulgemisel isikuandmed kustutatakse, v\u00e4lja arvatud juhul, kui neid on vaja salvestada raamatupidamise eesm\u00e4rgil v\u00f5i tarbijavaidluste lahendamiseks.<\/p><p>Kui ost sooritatakse veebipoes kliendikontot loomata, s\u00e4ilitatakse ostuajalugu kolm aastat.<\/p><p>Makse- ja tarbijan\u00f5uetega seotud vaidluste korral s\u00e4ilitatakse isikuandmeid kuni vastava n\u00f5ude t\u00e4itmiseni v\u00f5i n\u00f5udmisel kuni aegumiseni.<\/p><p>Raamatupidamiseks vajalikke isikuandmeid s\u00e4ilitatakse seitse aastat.<\/p><p><strong>Eemaldus<\/strong><\/p><p>Isikuandmete kustutamiseks v\u00f5tke \u00fchendust klienditoega e-posti teel.<\/p><p>Kustutamistaotlusele saadetakse vastus hiljemalt kuu aja jooksul ning t\u00e4psustatakse ka andmete kustutamise t\u00e4htaeg.<\/p><p><strong>\u00dclekanne<\/strong><\/p><p>E-posti teel esitatud isikuandmete edastamise taotlusele saadetakse vastus hiljemalt kuu aja jooksul.<\/p><p>Klienditeenindus tuvastab identiteedi ja teatab isikuandmete edastamisest.<\/p><p><strong>Otseturunduse s\u00f5numid<\/strong><\/p><p>E-posti aadressi ja telefoninumbrit kasutatakse otseturunduss\u00f5numite saatmiseks, kui klient on selleks n\u00f5usoleku andnud.<\/p><p>Kui klient ei soovi otseturundusteateid saada, peaks ta kl\u00f5psama vastaval lingil e-kirja allosas v\u00f5i v\u00f5tma \u00fchendust klienditoega.<\/p><p>Kui isikuandmeid t\u00f6\u00f6deldakse otseturunduse eesm\u00e4rgil (profileerimine), on kliendil \u00f5igus igal ajal esitada vastuv\u00e4iteid nii oma isikuandmete esmasele kui ka hilisemale t\u00f6\u00f6tlemisele, sh otseturundusega seotud profiilianal\u00fc\u00fcsile, milleks on vajalik teavitada. teenuse klienditugi e-posti teel.<\/p><p><strong>Vaidluste lahendamine<\/strong><\/p><p>Isikuandmete t\u00f6\u00f6tlemisega seotud vaidlused lahendatakse klienditoe kaudu <strong>Ps\u00fchholoogiline keskus Harmoonia O\u00dc<\/strong> (registrinumber: 16049681), asukoht Peterburi tee 46, Tallinn, Eesti, telefon +372 55 93 73 19 ja e-post <a href=\"\/et\/natalja@harmooniakeksus.ee\/\">natalja@harmooniakeksus.ee<\/a>.<\/p><p>J\u00e4relevalveasutuseks on Andmekaitse Inspektsioon (<a href=\"mailto:info@aki.ee\">info@aki.ee<\/a>).<\/p>\t\t\t\t\t\t<\/div>\n\t\t\t\t<\/div>\n\t\t\t\t\t<\/div>\n\t\t<\/div>\n\t\t\t\t\t<\/div>\n\t\t<\/section>\n\t\t\t\t<\/div>","protected":false},"excerpt":{"rendered":"<p>Ps\u00fchholoogiline keskus Harmoonia O\u00dc \u043f\u0435\u0440\u0435\u0434\u0430\u0435\u0442 \u043f\u0435\u0440\u0441\u043e\u043d\u0430\u043b\u044c\u043d\u044b\u0435 \u0434\u0430\u043d\u043d\u044b\u0435, \u043d\u0435\u043e\u0431\u0445\u043e\u0434\u0438\u043c\u044b\u0435 \u0434\u043b\u044f \u043e\u0441\u0443\u0449\u0435\u0441\u0442\u0432\u043b\u0435\u043d\u0438\u044f \u043f\u043b\u0430\u0442\u0435\u0436\u0435\u0439, \u0432 \u0443\u043f\u043e\u043b\u043d\u043e\u043c\u043e\u0447\u0435\u043d\u043d\u043e\u0435 \u043f\u043b\u0430\u0442\u0435\u0436\u043d\u043e\u0435 \u0443\u0447\u0440\u0435\u0436\u0434\u0435\u043d\u0438\u0435 Maksekeskus AS \u041a\u0430\u043a\u0438\u0435 \u043b\u0438\u0447\u043d\u044b\u0435 \u0434\u0430\u043d\u043d\u044b\u0435 \u043e\u0431\u0440\u0430\u0431\u0430\u0442\u044b\u0432\u0430\u044e\u0442\u0441\u044f \u0418\u043c\u044f \u041d\u043e\u043c\u0435\u0440 \u0442\u0435\u043b\u0435\u0444\u043e\u043d\u0430 \u0410\u0434\u0440\u0435\u0441 \u044d\u043b.\u043f\u043e\u0447\u0442\u044b \u041d\u043e\u043c\u0435\u0440 \u0431\u0430\u043d\u043a\u043e\u0432\u0441\u043a\u043e\u0433\u043e \u0441\u0447\u0435\u0442\u0430 \u0421\u0442\u043e\u0438\u043c\u043e\u0441\u0442\u044c \u0442\u043e\u0432\u0430\u0440\u043e\u0432 \u0438 \u0443\u0441\u043b\u0443\u0433 \u0438 \u0434\u0435\u0442\u0430\u043b\u0438 \u043e\u043f\u043b\u0430\u0442\u044b (\u0438\u0441\u0442\u043e\u0440\u0438\u044f \u043f\u043e\u043a\u0443\u043f\u043e\u043a) \u0414\u0430\u043d\u043d\u044b\u0435 \u0441\u043b\u0443\u0436\u0431\u044b&hellip;<\/p>","protected":false},"author":1,"featured_media":0,"parent":0,"menu_order":0,"comment_status":"closed","ping_status":"open","template":"","meta":{"footnotes":""},"class_list":["post-2071","page","type-page","status-publish","hentry"],"_links":{"self":[{"href":"https:\/\/harmooniakeskus.ee\/et\/wp-json\/wp\/v2\/pages\/2071","targetHints":{"allow":["GET"]}}],"collection":[{"href":"https:\/\/harmooniakeskus.ee\/et\/wp-json\/wp\/v2\/pages"}],"about":[{"href":"https:\/\/harmooniakeskus.ee\/et\/wp-json\/wp\/v2\/types\/page"}],"author":[{"embeddable":true,"href":"https:\/\/harmooniakeskus.ee\/et\/wp-json\/wp\/v2\/users\/1"}],"replies":[{"embeddable":true,"href":"https:\/\/harmooniakeskus.ee\/et\/wp-json\/wp\/v2\/comments?post=2071"}],"version-history":[{"count":22,"href":"https:\/\/harmooniakeskus.ee\/et\/wp-json\/wp\/v2\/pages\/2071\/revisions"}],"predecessor-version":[{"id":3111,"href":"https:\/\/harmooniakeskus.ee\/et\/wp-json\/wp\/v2\/pages\/2071\/revisions\/3111"}],"wp:attachment":[{"href":"https:\/\/harmooniakeskus.ee\/et\/wp-json\/wp\/v2\/media?parent=2071"}],"curies":[{"name":"wp","href":"https:\/\/api.w.org\/{rel}","templated":true}]}}